{"id":4593,"date":"2026-03-03T17:40:40","date_gmt":"2026-03-03T16:40:40","guid":{"rendered":"https:\/\/ptn.suwalki.pl\/?page_id=4593"},"modified":"2026-03-03T17:44:18","modified_gmt":"2026-03-03T16:44:18","slug":"4593-2","status":"publish","type":"page","link":"https:\/\/ptn.suwalki.pl\/index.php\/4593-2\/","title":{"rendered":"Hetmani Rzeczypospolitej &#8211; Jan Tarnowski"},"content":{"rendered":"\n<p>11.03.2026 roku Narodowy Bank Polski wprowadza do obiegu nowe monety kolekcjonerskie z serii Hetmani Rzeczypospolitej przedstawiaj\u0105ce hetmana Jana Tarnowskiego.<\/p>\n\n\n\n<p>Nomina\u0142 :10 z\u0142,<\/p>\n\n\n\n<ul><li>Stop: Ag 999,<\/li><li>\u015arednica : 32 mm,<\/li><li>Masa: 31,10 g,<\/li><li>Nak\u0142ad: do 7000 sztuk,<\/li><li>Brzeg: g\u0142adki,<\/li><li>Stempel : lustrzany,<\/li><li>Techniki dodatkowe: matowanie laserowe, wysoki relief,<\/li><li>Projektant:<\/li><li>Cena: &nbsp; z\u0142<\/li><\/ul>\n\n\n\n<p>Awers:<\/p>\n\n\n\n<figure class=\"wp-block-image size-full\"><img loading=\"lazy\" width=\"221\" height=\"215\" src=\"https:\/\/ptn.suwalki.pl\/wp-content\/uploads\/2026\/03\/image.png\" alt=\"\" class=\"wp-image-4598\"\/><\/figure>\n\n\n\n<p>Rewers:<\/p>\n\n\n\n<figure class=\"wp-block-image size-full\"><img loading=\"lazy\" width=\"229\" height=\"221\" src=\"https:\/\/ptn.suwalki.pl\/wp-content\/uploads\/2026\/03\/image-1.png\" alt=\"\" class=\"wp-image-4599\"\/><\/figure>\n\n\n\n<p>Nomina\u0142 :500 z\u0142,<\/p>\n\n\n\n<ul><li>Stop: Au 999,9,<\/li><li>\u015arednica : 32 mm,<\/li><li>Masa: 31,10 g,<\/li><li>Nak\u0142ad: do 800 sztuk,<\/li><li>Brzeg: g\u0142adki,<\/li><li>Stempel : lustrzany,<\/li><li>Techniki dodatkowe: matowanie laserowe, wysoki relief<\/li><li>Projektant:<\/li><li>Cena: &nbsp; z\u0142<\/li><\/ul>\n\n\n\n<p>Awers:<\/p>\n\n\n\n<figure class=\"wp-block-image size-full\"><img loading=\"lazy\" width=\"237\" height=\"227\" src=\"https:\/\/ptn.suwalki.pl\/wp-content\/uploads\/2026\/03\/image-2.png\" alt=\"\" class=\"wp-image-4601\"\/><\/figure>\n\n\n\n<p>Rewers:<\/p>\n\n\n\n<figure class=\"wp-block-image size-full\"><img loading=\"lazy\" width=\"226\" height=\"217\" src=\"https:\/\/ptn.suwalki.pl\/wp-content\/uploads\/2026\/03\/image-3.png\" alt=\"\" class=\"wp-image-4602\"\/><\/figure>\n\n\n\n<p>Wi\u0119cej informacji:<\/p>\n\n\n\n<p><a href=\"https:\/\/nbp.pl\/banknoty-i-monety\/monety-okolicznosciowe\/plany-emisyjne\/\">https:\/\/nbp.pl\/banknoty-i-monety\/monety-okolicznosciowe\/plany-emisyjne\/<\/a><\/p>\n\n\n\n<p><a href=\"https:\/\/monitorpolski.gov.pl\/M2026000024001.pdf\">https:\/\/monitorpolski.gov.pl\/M2026000024001.pdf<\/a><\/p>\n\n\n\n<p>Zdj\u0119cia z archiwum NBP.<\/p>\n","protected":false},"excerpt":{"rendered":"<p>11.03.2026 roku Narodowy Bank Polski wprowadza do obiegu nowe monety kolekcjonerskie z serii Hetmani Rzeczypospolitej przedstawiaj\u0105ce hetmana Jana Tarnowskiego. Nomina\u0142 :10 z\u0142, Stop: Ag 999, \u015arednica : 32 mm, Masa: 31,10 g, Nak\u0142ad: do 7000 sztuk, Brzeg: g\u0142adki, Stempel : lustrzany, Techniki dodatkowe: matowanie laserowe, wysoki relief, Projektant: Cena: &nbsp; z\u0142 Awers: Rewers: Nomina\u0142 :500 &#8230; <a title=\"Hetmani Rzeczypospolitej &#8211; Jan Tarnowski\" class=\"read-more\" href=\"https:\/\/ptn.suwalki.pl\/index.php\/4593-2\/\">Czytaj dalej<span class=\"screen-reader-text\">Hetmani Rzeczypospolitej &#8211; Jan Tarnowski<\/span><\/a><\/p>\n","protected":false},"author":1,"featured_media":0,"parent":0,"menu_order":0,"comment_status":"closed","ping_status":"closed","template":"","meta":[],"_links":{"self":[{"href":"https:\/\/ptn.suwalki.pl\/index.php\/wp-json\/wp\/v2\/pages\/4593"}],"collection":[{"href":"https:\/\/ptn.suwalki.pl\/index.php\/wp-json\/wp\/v2\/pages"}],"about":[{"href":"https:\/\/ptn.suwalki.pl\/index.php\/wp-json\/wp\/v2\/types\/page"}],"author":[{"embeddable":true,"href":"https:\/\/ptn.suwalki.pl\/index.php\/wp-json\/wp\/v2\/users\/1"}],"replies":[{"embeddable":true,"href":"https:\/\/ptn.suwalki.pl\/index.php\/wp-json\/wp\/v2\/comments?post=4593"}],"version-history":[{"count":4,"href":"https:\/\/ptn.suwalki.pl\/index.php\/wp-json\/wp\/v2\/pages\/4593\/revisions"}],"predecessor-version":[{"id":4603,"href":"https:\/\/ptn.suwalki.pl\/index.php\/wp-json\/wp\/v2\/pages\/4593\/revisions\/4603"}],"wp:attachment":[{"href":"https:\/\/ptn.suwalki.pl\/index.php\/wp-json\/wp\/v2\/media?parent=4593"}],"curies":[{"name":"wp","href":"https:\/\/api.w.org\/{rel}","templated":true}]}}